{"id":80,"date":"2020-12-10T13:13:20","date_gmt":"2020-12-10T12:13:20","guid":{"rendered":"http:\/\/bridalmagazinegroup.com\/?page_id=80"},"modified":"2022-02-08T09:55:44","modified_gmt":"2022-02-08T08:55:44","slug":"products","status":"publish","type":"page","link":"https:\/\/nordicbridalmedia.com\/sv\/","title":{"rendered":"Produkter"},"content":{"rendered":"\n<div class=\"wp-block-columns is-layout-flex wp-container-core-columns-is-layout-9d6595d7 wp-block-columns-is-layout-flex\">\n<div class=\"wp-block-column is-layout-flow wp-block-column-is-layout-flow\" style=\"flex-basis:100%\">\n<hr class=\"wp-block-separator is-style-wide\"\/>\n\n\n\n<p>Som samarbetspartner till Br\u00f6llopsmagasinet ger vi dig den unika m\u00f6jligheten att synas genom alla nedan n\u00e4mnda produkter och d\u00e4rf\u00f6r m\u00f6jligheten till att n\u00e5 alla de brudpar som du idag \u00e4nnu inte har som kund. <\/p>\n\n\n\n<p>V\u00e5rt m\u00e5l som mediaf\u00f6retag \u00e4r att st\u00e4ndigt s\u00e4tta dig och br\u00f6llopsbranschen i fokus och vi ser fram emot ett samtal kring vilka plattformar och produkter som passar er verksamhet b\u00e4st.<\/p>\n\n\n\n<hr class=\"wp-block-separator is-style-wide\"\/>\n\n\n<ul class=\"wp-block-latest-posts__list is-grid columns-1 alignleft wp-block-latest-posts\"><li><div class=\"wp-block-latest-posts__featured-image alignleft\"><img loading=\"lazy\" decoding=\"async\" width=\"150\" height=\"150\" src=\"https:\/\/nordicbridalmedia.com\/wp-content\/uploads\/2020\/12\/Mediapaket_huvudbild-e1611224308507-150x150.jpg\" class=\"attachment-thumbnail size-thumbnail wp-post-image\" alt=\"\" style=\"\" srcset=\"https:\/\/nordicbridalmedia.com\/wp-content\/uploads\/2020\/12\/Mediapaket_huvudbild-e1611224308507-150x150.jpg 150w, https:\/\/nordicbridalmedia.com\/wp-content\/uploads\/2020\/12\/Mediapaket_huvudbild-e1611224308507-300x300.jpg 300w, https:\/\/nordicbridalmedia.com\/wp-content\/uploads\/2020\/12\/Mediapaket_huvudbild-e1611224308507-1024x1024.jpg 1024w, https:\/\/nordicbridalmedia.com\/wp-content\/uploads\/2020\/12\/Mediapaket_huvudbild-e1611224308507-768x768.jpg 768w, https:\/\/nordicbridalmedia.com\/wp-content\/uploads\/2020\/12\/Mediapaket_huvudbild-e1611224308507-480x480.jpg 480w, https:\/\/nordicbridalmedia.com\/wp-content\/uploads\/2020\/12\/Mediapaket_huvudbild-e1611224308507-666x666.jpg 666w, https:\/\/nordicbridalmedia.com\/wp-content\/uploads\/2020\/12\/Mediapaket_huvudbild-e1611224308507.jpg 1500w\" sizes=\"auto, (max-width: 150px) 100vw, 150px\" \/><\/div><a class=\"wp-block-latest-posts__post-title\" href=\"https:\/\/nordicbridalmedia.com\/sv\/media-packages\/\">Mediapaket<\/a><div class=\"wp-block-latest-posts__post-excerpt\">Skr\u00e4ddarsydda mediapaket d\u00e4r du maximerar din synlighet till brudparen genom att synas s\u00e5v\u00e4l i print som online och sociala medier. Det optimala valet f\u00f6r dig som vill n\u00e5 ut till hela din m\u00e5lgrupp. &hellip; <a href=\"https:\/\/nordicbridalmedia.com\/sv\/media-packages\/\" class=\"more-link\"><span class=\"more-button\">L\u00e4s Mer<span class=\"screen-reader-text\">Mediapaket<\/span><\/span><\/a><\/div><\/li>\n<li><div class=\"wp-block-latest-posts__featured-image alignleft\"><img loading=\"lazy\" decoding=\"async\" width=\"150\" height=\"150\" src=\"https:\/\/nordicbridalmedia.com\/wp-content\/uploads\/2020\/12\/Onlinepaket_huvudbild-150x150.jpg\" class=\"attachment-thumbnail size-thumbnail wp-post-image\" alt=\"\" style=\"\" srcset=\"https:\/\/nordicbridalmedia.com\/wp-content\/uploads\/2020\/12\/Onlinepaket_huvudbild-150x150.jpg 150w, https:\/\/nordicbridalmedia.com\/wp-content\/uploads\/2020\/12\/Onlinepaket_huvudbild-300x300.jpg 300w, https:\/\/nordicbridalmedia.com\/wp-content\/uploads\/2020\/12\/Onlinepaket_huvudbild-1024x1024.jpg 1024w, https:\/\/nordicbridalmedia.com\/wp-content\/uploads\/2020\/12\/Onlinepaket_huvudbild-768x768.jpg 768w, https:\/\/nordicbridalmedia.com\/wp-content\/uploads\/2020\/12\/Onlinepaket_huvudbild-480x480.jpg 480w, https:\/\/nordicbridalmedia.com\/wp-content\/uploads\/2020\/12\/Onlinepaket_huvudbild-666x666.jpg 666w, https:\/\/nordicbridalmedia.com\/wp-content\/uploads\/2020\/12\/Onlinepaket_huvudbild.jpg 1500w\" sizes=\"auto, (max-width: 150px) 100vw, 150px\" \/><\/div><a class=\"wp-block-latest-posts__post-title\" href=\"https:\/\/nordicbridalmedia.com\/sv\/online-packages\/\">Online Paket<\/a><div class=\"wp-block-latest-posts__post-excerpt\">Skr\u00e4ddarsydda mediapaket d\u00e4r du maximerar din synlighet till brudparen genom att synas online och i sociala medier.  &hellip; <a href=\"https:\/\/nordicbridalmedia.com\/sv\/online-packages\/\" class=\"more-link\"><span class=\"more-button\">L\u00e4s Mer<span class=\"screen-reader-text\">Online Paket<\/span><\/span><\/a><\/div><\/li>\n<li><div class=\"wp-block-latest-posts__featured-image alignleft\"><img loading=\"lazy\" decoding=\"async\" width=\"150\" height=\"150\" src=\"https:\/\/nordicbridalmedia.com\/wp-content\/uploads\/2021\/01\/NO_AnnaStormPhoto-31-150x150.jpg\" class=\"attachment-thumbnail size-thumbnail wp-post-image\" alt=\"\" style=\"\" srcset=\"https:\/\/nordicbridalmedia.com\/wp-content\/uploads\/2021\/01\/NO_AnnaStormPhoto-31-150x150.jpg 150w, https:\/\/nordicbridalmedia.com\/wp-content\/uploads\/2021\/01\/NO_AnnaStormPhoto-31-480x480.jpg 480w, https:\/\/nordicbridalmedia.com\/wp-content\/uploads\/2021\/01\/NO_AnnaStormPhoto-31-666x666.jpg 666w\" sizes=\"auto, (max-width: 150px) 100vw, 150px\" \/><\/div><a class=\"wp-block-latest-posts__post-title\" href=\"https:\/\/nordicbridalmedia.com\/sv\/print_ads\/\">Br\u00f6llopsmagasinet &#8211; Print<\/a><div class=\"wp-block-latest-posts__post-excerpt\">Br\u00f6llopsmagasinet som fysiskt magasin n\u00e5r 84.000 l\u00e4sare per \u00e5r och anv\u00e4nds som underlag av brudparet genom hela planeringsprocessen.  &hellip; <a href=\"https:\/\/nordicbridalmedia.com\/sv\/print_ads\/\" class=\"more-link\"><span class=\"more-button\">L\u00e4s Mer<span class=\"screen-reader-text\">Br\u00f6llopsmagasinet &#8211; Print<\/span><\/span><\/a><\/div><\/li>\n<li><div class=\"wp-block-latest-posts__featured-image alignleft\"><img loading=\"lazy\" decoding=\"async\" width=\"150\" height=\"150\" src=\"https:\/\/nordicbridalmedia.com\/wp-content\/uploads\/2020\/12\/Bro\u0308llopsmagasinet_webb-150x150.jpg\" class=\"attachment-thumbnail size-thumbnail wp-post-image\" alt=\"\" style=\"\" srcset=\"https:\/\/nordicbridalmedia.com\/wp-content\/uploads\/2020\/12\/Bro\u0308llopsmagasinet_webb-150x150.jpg 150w, https:\/\/nordicbridalmedia.com\/wp-content\/uploads\/2020\/12\/Bro\u0308llopsmagasinet_webb-300x300.jpg 300w, https:\/\/nordicbridalmedia.com\/wp-content\/uploads\/2020\/12\/Bro\u0308llopsmagasinet_webb-1024x1024.jpg 1024w, https:\/\/nordicbridalmedia.com\/wp-content\/uploads\/2020\/12\/Bro\u0308llopsmagasinet_webb-768x768.jpg 768w, https:\/\/nordicbridalmedia.com\/wp-content\/uploads\/2020\/12\/Bro\u0308llopsmagasinet_webb-480x480.jpg 480w, https:\/\/nordicbridalmedia.com\/wp-content\/uploads\/2020\/12\/Bro\u0308llopsmagasinet_webb-666x666.jpg 666w, https:\/\/nordicbridalmedia.com\/wp-content\/uploads\/2020\/12\/Bro\u0308llopsmagasinet_webb.jpg 1500w\" sizes=\"auto, (max-width: 150px) 100vw, 150px\" \/><\/div><a class=\"wp-block-latest-posts__post-title\" href=\"https:\/\/nordicbridalmedia.com\/sv\/online_ads\/\">Br\u00f6llopsmagasinet &#8211; Webb<\/a><div class=\"wp-block-latest-posts__post-excerpt\">Har din verksamhet ett starkt onlinefokus n\u00e5r du din m\u00e5lgrupp effektivt genom dessa specialdesignade produkter f\u00f6r webben. H\u00e4r finner du s\u00e5v\u00e4l klassiska banners som content marketing. &hellip; <a href=\"https:\/\/nordicbridalmedia.com\/sv\/online_ads\/\" class=\"more-link\"><span class=\"more-button\">L\u00e4s Mer<span class=\"screen-reader-text\">Br\u00f6llopsmagasinet &#8211; Webb<\/span><\/span><\/a><\/div><\/li>\n<li><div class=\"wp-block-latest-posts__featured-image alignleft\"><img loading=\"lazy\" decoding=\"async\" width=\"150\" height=\"150\" src=\"https:\/\/nordicbridalmedia.com\/wp-content\/uploads\/2021\/01\/Specialannonser-150x150.jpg\" class=\"attachment-thumbnail size-thumbnail wp-post-image\" alt=\"\" style=\"\" srcset=\"https:\/\/nordicbridalmedia.com\/wp-content\/uploads\/2021\/01\/Specialannonser-150x150.jpg 150w, https:\/\/nordicbridalmedia.com\/wp-content\/uploads\/2021\/01\/Specialannonser-300x300.jpg 300w, https:\/\/nordicbridalmedia.com\/wp-content\/uploads\/2021\/01\/Specialannonser-1024x1024.jpg 1024w, https:\/\/nordicbridalmedia.com\/wp-content\/uploads\/2021\/01\/Specialannonser-768x768.jpg 768w, https:\/\/nordicbridalmedia.com\/wp-content\/uploads\/2021\/01\/Specialannonser-480x480.jpg 480w, https:\/\/nordicbridalmedia.com\/wp-content\/uploads\/2021\/01\/Specialannonser-666x666.jpg 666w, https:\/\/nordicbridalmedia.com\/wp-content\/uploads\/2021\/01\/Specialannonser.jpg 1500w\" sizes=\"auto, (max-width: 150px) 100vw, 150px\" \/><\/div><a class=\"wp-block-latest-posts__post-title\" href=\"https:\/\/nordicbridalmedia.com\/sv\/special_ads\/\">Specialannonser<\/a><div class=\"wp-block-latest-posts__post-excerpt\">Specialdesignade annonser s\u00e4rskilt framtagna f\u00f6r specifika branscher. Passar dig som driver en verksamhet i en nischad bransch eller arbetar med content marketing. &hellip; <a href=\"https:\/\/nordicbridalmedia.com\/sv\/special_ads\/\" class=\"more-link\"><span class=\"more-button\">L\u00e4s Mer<span class=\"screen-reader-text\">Specialannonser<\/span><\/span><\/a><\/div><\/li>\n<\/ul><\/div>\n<\/div>\n\n\n\n<p><\/p>\n","protected":false},"excerpt":{"rendered":"<p>Som samarbetspartner till Br\u00f6llopsmagasinet ger vi dig den unika m\u00f6jligheten att synas genom alla nedan n\u00e4mnda produkter och d\u00e4rf\u00f6r m\u00f6jligheten &hellip; <a href=\"https:\/\/nordicbridalmedia.com\/sv\/\" class=\"more-link\"><span class=\"more-button\">L\u00e4s Mer<span class=\"screen-reader-text\">Produkter<\/span><\/span><\/a><\/p>\n","protected":false},"author":5,"featured_media":188,"parent":0,"menu_order":0,"comment_status":"closed","ping_status":"closed","template":"templates\/right-sidebar.php","meta":{"footnotes":""},"class_list":["post-80","page","type-page","status-publish","has-post-thumbnail","hentry"],"translation":{"provider":"WPGlobus","version":"3.0.2","language":"sv","enabled_languages":["en","sv","no","fi","da","gb"],"languages":{"en":{"title":true,"content":true,"excerpt":false},"sv":{"title":true,"content":true,"excerpt":false},"no":{"title":true,"content":true,"excerpt":false},"fi":{"title":true,"content":true,"excerpt":false},"da":{"title":true,"content":true,"excerpt":false},"gb":{"title":false,"content":false,"excerpt":false}}},"_links":{"self":[{"href":"https:\/\/nordicbridalmedia.com\/sv\/wp-json\/wp\/v2\/pages\/80","targetHints":{"allow":["GET"]}}],"collection":[{"href":"https:\/\/nordicbridalmedia.com\/sv\/wp-json\/wp\/v2\/pages"}],"about":[{"href":"https:\/\/nordicbridalmedia.com\/sv\/wp-json\/wp\/v2\/types\/page"}],"author":[{"embeddable":true,"href":"https:\/\/nordicbridalmedia.com\/sv\/wp-json\/wp\/v2\/users\/5"}],"replies":[{"embeddable":true,"href":"https:\/\/nordicbridalmedia.com\/sv\/wp-json\/wp\/v2\/comments?post=80"}],"version-history":[{"count":189,"href":"https:\/\/nordicbridalmedia.com\/sv\/wp-json\/wp\/v2\/pages\/80\/revisions"}],"predecessor-version":[{"id":3565,"href":"https:\/\/nordicbridalmedia.com\/sv\/wp-json\/wp\/v2\/pages\/80\/revisions\/3565"}],"wp:featuredmedia":[{"embeddable":true,"href":"https:\/\/nordicbridalmedia.com\/sv\/wp-json\/wp\/v2\/media\/188"}],"wp:attachment":[{"href":"https:\/\/nordicbridalmedia.com\/sv\/wp-json\/wp\/v2\/media?parent=80"}],"curies":[{"name":"wp","href":"https:\/\/api.w.org\/{rel}","templated":true}]}}