{"id":2,"date":"2020-12-08T14:32:53","date_gmt":"2020-12-08T13:32:53","guid":{"rendered":"http:\/\/bridalmagazinegroup.com\/?page_id=2"},"modified":"2023-12-22T09:52:14","modified_gmt":"2023-12-22T08:52:14","slug":"about-us","status":"publish","type":"page","link":"https:\/\/nordicbridalmedia.com\/sv\/about-us\/","title":{"rendered":"Samarbete"},"content":{"rendered":"\n<div class=\"wp-block-columns is-layout-flex wp-container-core-columns-is-layout-9d6595d7 wp-block-columns-is-layout-flex\">\n<div class=\"wp-block-column is-layout-flow wp-block-column-is-layout-flow\" style=\"flex-basis:100%\">\n<hr class=\"wp-block-separator is-style-wide\"\/>\n\n\n\n<h2 class=\"wp-block-heading\">F\u00f6r dig som vill driva en l\u00f6nsam verksamhet<\/h2>\n\n\n\n<p><\/p>\n\n\n\n<h4 class=\"wp-block-heading\">I planeringen av det perfekta br\u00f6llopet s\u00f6ker brudparen efter akt\u00f6rer som dig. Genom v\u00e5ra plattformar hj\u00e4lper Br\u00f6llopsmagasinet dig att n\u00e5 dessa brudpar, vilket g\u00f6r att brudparen slutligen v\u00e4ljer dig som sin samarbetspartner.<\/h4>\n\n\n\n<p><\/p>\n\n\n\n<p>F\u00f6r att driva en l\u00f6nsam verksamhet \u00e4r det oerh\u00f6rt viktigt att f\u00f6rst\u00e5 hur ens kunder fungerar. F\u00f6r din skull har vi tagit reda p\u00e5 detta och g\u00f6r \u00e5rligen unders\u00f6kningar, genom v\u00e5ra tusentals mailadresser till brudpar, d\u00e4r vi samlar in statistik fr\u00e5n dina blivande kunder. H\u00e4r syns ett tydligt beteende g\u00e4llande ink\u00f6p till br\u00f6llopsdagen och unders\u00f6kningarna visar att det \u00e4r en l\u00e5ng process d\u00e4r brudparen tar god tid p\u00e5 sig innan de fattar ett beslut. Under denna process vill de ha flera olika akt\u00f6rer att v\u00e4lja bland. H\u00e4r \u00e4r det d\u00e4rf\u00f6r oerh\u00f6rt viktigt att du finns synlig f\u00f6r dem genom hela processen och genom Br\u00f6llopsmagasinets olika plattformar ger vi dig denna unika m\u00f6jlighet.<\/p>\n\n\n\n<p><strong>DETTA BEH\u00d6VER BRUDPAREN<\/strong><\/p>\n\n\n\n<p>Det har visat sig att brudparen beh\u00f6ver b\u00e5de information och inspiration innan de fattar sina beslut och detta har vi som enda mediaf\u00f6retag tagit fasta p\u00e5. I v\u00e5ra produkter och plattformar finner brudparen m\u00e4ngder av redaktionellt inneh\u00e5ll producerat f\u00f6r att inspirera. Detta material l\u00e4ses av tusentals brudpar och det \u00e4r \u00e4ven i anslutning till detta som just du exponeras med din verksamhet. Denna enast\u00e5ende kombination \u00e4r ov\u00e4rderlig och g\u00f6r att brudparen f\u00e5r en m\u00f6jlighet att v\u00e4lja dig.<\/p>\n\n\n\n<p><strong>DU \u00c4R SYNLIG P\u00c5 R\u00c4TT PLATS<\/strong><\/p>\n\n\n\n<p>Br\u00f6llopsplaneringen sker i olika steg d\u00e4r brudparen fokuserar p\u00e5 ett omr\u00e5de i taget. Exempelvis n\u00e4r brudparen s\u00f6ker efter en festlokal \u00e4r festlokaler det enda de har i \u00e5tanke och inriktar sig p\u00e5. Av just denna anledning \u00e4r b\u00e5de magasinet och v\u00e5r hemsida uppdelat i olika segment. Som samarbetspartner ser vi till att du \u00e4r synlig i r\u00e4tt kategori och din marknadsf\u00f6ring f\u00e5r ett \u00f6kat v\u00e4rde tack vare v\u00e5r segmentering. Oavsett om du driver en verksamhet inom foto, guld, kl\u00e4der eller festlokaler ser vi till att du n\u00e5r fram till brudparen vilket \u00e4r avg\u00f6rande f\u00f6r att kunden v\u00e4ljer dig.<\/p>\n\n\n\n<p><strong>F\u00d6R DIG SOM VILL N\u00c5 M\u00c5NGA<\/strong><\/p>\n\n\n\n<p>Inte bara vet vi hur brudparen t\u00e4nker och har skapat ett inneh\u00e5ll baserat p\u00e5 detta \u2013 vi ser faktiskt till att vi n\u00e5r dem. Vi f\u00f6ljer med brudparen \u00f6verallt. Tack vare v\u00e5r hemsida, nyhetsbrev och sociala medier finns vi med dem i telefonen dagligen. V\u00e5rt magasin exponeras stort; det s\u00e4ljs i butik, delas ut p\u00e5 br\u00f6llopsm\u00e4ssor, skickas ut direkt till konsumenter samt finns synligt hos v\u00e5ra samarbetspartners. Allt detta ger dig en unik m\u00f6jlighet att n\u00e5 ut till tusentals brudpar med dina produkter och tj\u00e4nster.<\/p>\n<\/div>\n<\/div>\n\n\n\n<figure class=\"wp-block-image size-large\"><img loading=\"lazy\" decoding=\"async\" width=\"1024\" height=\"684\" src=\"http:\/\/bridalmagazinegroup.com\/wp-content\/uploads\/2021\/01\/SE_AnnaStormPhoto-22-1024x684.jpg\" alt=\"\" class=\"wp-image-1762\" srcset=\"https:\/\/nordicbridalmedia.com\/wp-content\/uploads\/2021\/01\/SE_AnnaStormPhoto-22-1024x684.jpg 1024w, https:\/\/nordicbridalmedia.com\/wp-content\/uploads\/2021\/01\/SE_AnnaStormPhoto-22-300x200.jpg 300w, https:\/\/nordicbridalmedia.com\/wp-content\/uploads\/2021\/01\/SE_AnnaStormPhoto-22-768x513.jpg 768w, https:\/\/nordicbridalmedia.com\/wp-content\/uploads\/2021\/01\/SE_AnnaStormPhoto-22-1536x1026.jpg 1536w, https:\/\/nordicbridalmedia.com\/wp-content\/uploads\/2021\/01\/SE_AnnaStormPhoto-22.jpg 1920w\" sizes=\"auto, (max-width: 1024px) 100vw, 1024px\" \/><\/figure>\n","protected":false},"excerpt":{"rendered":"<p>F\u00f6r dig som vill driva en l\u00f6nsam verksamhet I planeringen av det perfekta br\u00f6llopet s\u00f6ker brudparen efter akt\u00f6rer som dig. &hellip; <a href=\"https:\/\/nordicbridalmedia.com\/sv\/about-us\/\" class=\"more-link\"><span class=\"more-button\">L\u00e4s Mer<span class=\"screen-reader-text\">Samarbete<\/span><\/span><\/a><\/p>\n","protected":false},"author":5,"featured_media":0,"parent":0,"menu_order":0,"comment_status":"closed","ping_status":"closed","template":"templates\/right-sidebar.php","meta":{"footnotes":""},"class_list":["post-2","page","type-page","status-publish","hentry"],"translation":{"provider":"WPGlobus","version":"3.0.2","language":"sv","enabled_languages":["en","sv","no","fi","da","gb"],"languages":{"en":{"title":true,"content":true,"excerpt":false},"sv":{"title":true,"content":true,"excerpt":false},"no":{"title":true,"content":true,"excerpt":false},"fi":{"title":true,"content":true,"excerpt":false},"da":{"title":true,"content":true,"excerpt":false},"gb":{"title":false,"content":false,"excerpt":false}}},"_links":{"self":[{"href":"https:\/\/nordicbridalmedia.com\/sv\/wp-json\/wp\/v2\/pages\/2","targetHints":{"allow":["GET"]}}],"collection":[{"href":"https:\/\/nordicbridalmedia.com\/sv\/wp-json\/wp\/v2\/pages"}],"about":[{"href":"https:\/\/nordicbridalmedia.com\/sv\/wp-json\/wp\/v2\/types\/page"}],"author":[{"embeddable":true,"href":"https:\/\/nordicbridalmedia.com\/sv\/wp-json\/wp\/v2\/users\/5"}],"replies":[{"embeddable":true,"href":"https:\/\/nordicbridalmedia.com\/sv\/wp-json\/wp\/v2\/comments?post=2"}],"version-history":[{"count":112,"href":"https:\/\/nordicbridalmedia.com\/sv\/wp-json\/wp\/v2\/pages\/2\/revisions"}],"predecessor-version":[{"id":3153,"href":"https:\/\/nordicbridalmedia.com\/sv\/wp-json\/wp\/v2\/pages\/2\/revisions\/3153"}],"wp:attachment":[{"href":"https:\/\/nordicbridalmedia.com\/sv\/wp-json\/wp\/v2\/media?parent=2"}],"curies":[{"name":"wp","href":"https:\/\/api.w.org\/{rel}","templated":true}]}}