{"id":2,"date":"2020-12-08T14:32:53","date_gmt":"2020-12-08T13:32:53","guid":{"rendered":"http:\/\/bridalmagazinegroup.com\/?page_id=2"},"modified":"2023-12-22T09:52:14","modified_gmt":"2023-12-22T08:52:14","slug":"about-us","status":"publish","type":"page","link":"https:\/\/nordicbridalmedia.com\/no\/about-us\/","title":{"rendered":"Samarbeid"},"content":{"rendered":"\n<div class=\"wp-block-columns is-layout-flex wp-container-core-columns-is-layout-9d6595d7 wp-block-columns-is-layout-flex\">\n<div class=\"wp-block-column is-layout-flow wp-block-column-is-layout-flow\" style=\"flex-basis:100%\">\n<hr class=\"wp-block-separator is-style-wide\"\/>\n\n\n\n<h2 class=\"wp-block-heading\"><strong>For deg som vil drive en l\u00f8nnsom virksomhet<\/strong><\/h2>\n\n\n\n<p><\/p>\n\n\n\n<h4 class=\"wp-block-heading\">N\u00e5r de planlegger det perfekte bryllupet, leter brudeparet etter akt\u00f8rer som deg. Gjennom plattformene v\u00e5re hjelper Bryllupsmagasinet deg med \u00e5 n\u00e5 disse brudeparene slik at brudeparet til slutt velger deg som samarbeidspartner.<\/h4>\n\n\n\n<p><\/p>\n\n\n\n<p>For \u00e5 drive en l\u00f8nnsom virksomhet er det ekstremt viktig \u00e5 forst\u00e5 hvordan kundene dine jobber. For \u00e5 hjelpe deg har vi studert dette og gjennomf\u00f8rer \u00e5rlige unders\u00f8kelser gjennom v\u00e5re tusenvis av e -postadresser til brudepar, der vi samler inn statistikk fra dine potensielle kunder. Her kan du se et tydelig handlingsm\u00f8nster ang\u00e5ende kj\u00f8p til bryllupsdagen, og unders\u00f8kelsene viser at det valget de tar er en lang prosess der brudeparet tar god tid p\u00e5 seg f\u00f8r de tar en beslutning. I l\u00f8pet av denne prosessen vil de ha flere forskjellige akt\u00f8rer \u00e5 velge mellom. Det er derfor ekstremt viktig at du er synlig for dem gjennom hele prosessen og gjennom Bryllupsmagasinets forskjellige plattformer gir vi deg denne unike muligheten. <\/p>\n\n\n\n<p>DETTE ER DET BRUDEPARET TRENGER <\/p>\n\n\n\n<p>Vi ser tydlig at brudeparet trenger b\u00e5de informasjon og inspirasjon f\u00f8r de tar sine beslutninger, og vi er det eneste medieselskapet som tar dette til etterretning. I v\u00e5re produkter og plattformer finner brudeparet mengder av redaksjonelt innhold produsert for \u00e5 inspirere. Dette materialet blir lest av tusenvis av brudepar, og det er ogs\u00e5 i kombinasjon med dette at du blir eksponert med din bedrift. Denne unike kombinasjonen er uvurderlig og gir brudeparet en mulighet til \u00e5 velge deg. <\/p>\n\n\n\n<p>DU ER SYNLIG P\u00c5 RETT STED <\/p>\n\n\n\n<p>Bryllupsplanlegging foreg\u00e5r i forskjellige stadier der brudeparet fokuserer p\u00e5 ett omr\u00e5de om gangen. For eksempel, n\u00e5r brudeparet leter etter et selskapslokale, er festlokaler det eneste de har i tankene og fokuserer p\u00e5. Av denne grunn er b\u00e5de bladet og nettstedet v\u00e5rt delt inn i forskjellige segmenter. Som partner sikrer vi at du er synlig i riktig kategori, og at markedsf\u00f8ringen din f\u00e5r en \u00f8kt verdi takket v\u00e6re v\u00e5r segmentering. Uansett om du driver virksomhet innen fotografering, gull, kl\u00e6r eller festlokaler, s\u00f8rger vi for at du n\u00e5r brudeparet, noe som er avgj\u00f8rende for at kunden kan velge deg. <\/p>\n\n\n\n<p>FOR DEG SOM VIL N\u00c5 MANGE <\/p>\n\n\n\n<p>Ikke bare vet vi hvordan brudeparet tenker og har laget innhold basert p\u00e5 dette &#8211; vi s\u00f8rger faktisk for at vi n\u00e5r dem. Vi f\u00f8lger brudeparet overalt. Takket v\u00e6re nettstedet v\u00e5rt, nyhetsbrev og sosiale medier, er vi med dem i h\u00e5nden daglig. Bladet v\u00e5rt har et stort eksponeringsomr\u00e5de; Det selges i butikker, distribueres p\u00e5 bryllupsmesser, sendes ut direkte til forbrukere og vises frem hos v\u00e5re samarbeidspartnere. Alt dette gir deg en unik mulighet til \u00e5 n\u00e5 ut til tusenvis av brudepar med dine produkter og tjenester. <\/p>\n<\/div>\n<\/div>\n\n\n\n<figure class=\"wp-block-image size-large\"><img loading=\"lazy\" decoding=\"async\" width=\"1024\" height=\"684\" src=\"http:\/\/bridalmagazinegroup.com\/wp-content\/uploads\/2021\/01\/NO_AnnaStormPhoto-30-1024x684.jpg\" alt=\"Bryllupsmagasinet\" class=\"wp-image-1744\" srcset=\"https:\/\/nordicbridalmedia.com\/wp-content\/uploads\/2021\/01\/NO_AnnaStormPhoto-30-1024x684.jpg 1024w, https:\/\/nordicbridalmedia.com\/wp-content\/uploads\/2021\/01\/NO_AnnaStormPhoto-30-300x200.jpg 300w, https:\/\/nordicbridalmedia.com\/wp-content\/uploads\/2021\/01\/NO_AnnaStormPhoto-30-768x513.jpg 768w, https:\/\/nordicbridalmedia.com\/wp-content\/uploads\/2021\/01\/NO_AnnaStormPhoto-30-1536x1026.jpg 1536w, https:\/\/nordicbridalmedia.com\/wp-content\/uploads\/2021\/01\/NO_AnnaStormPhoto-30.jpg 1920w\" sizes=\"auto, (max-width: 1024px) 100vw, 1024px\" \/><\/figure>\n\n\n\n<hr class=\"wp-block-separator is-style-wide\"\/>\n\n\n\n<p><\/p>\n","protected":false},"excerpt":{"rendered":"<p>For deg som vil drive en l\u00f8nnsom virksomhet N\u00e5r de planlegger det perfekte bryllupet, leter brudeparet etter akt\u00f8rer som deg. &hellip; <a href=\"https:\/\/nordicbridalmedia.com\/no\/about-us\/\" class=\"more-link\"><span class=\"more-button\">L\u00e4s Mer<span class=\"screen-reader-text\">Samarbeid<\/span><\/span><\/a><\/p>\n","protected":false},"author":5,"featured_media":0,"parent":0,"menu_order":0,"comment_status":"closed","ping_status":"closed","template":"templates\/right-sidebar.php","meta":{"footnotes":""},"class_list":["post-2","page","type-page","status-publish","hentry"],"translation":{"provider":"WPGlobus","version":"3.0.2","language":"no","enabled_languages":["en","sv","no","fi","da","gb"],"languages":{"en":{"title":true,"content":true,"excerpt":false},"sv":{"title":true,"content":true,"excerpt":false},"no":{"title":true,"content":true,"excerpt":false},"fi":{"title":true,"content":true,"excerpt":false},"da":{"title":true,"content":true,"excerpt":false},"gb":{"title":false,"content":false,"excerpt":false}}},"_links":{"self":[{"href":"https:\/\/nordicbridalmedia.com\/no\/wp-json\/wp\/v2\/pages\/2","targetHints":{"allow":["GET"]}}],"collection":[{"href":"https:\/\/nordicbridalmedia.com\/no\/wp-json\/wp\/v2\/pages"}],"about":[{"href":"https:\/\/nordicbridalmedia.com\/no\/wp-json\/wp\/v2\/types\/page"}],"author":[{"embeddable":true,"href":"https:\/\/nordicbridalmedia.com\/no\/wp-json\/wp\/v2\/users\/5"}],"replies":[{"embeddable":true,"href":"https:\/\/nordicbridalmedia.com\/no\/wp-json\/wp\/v2\/comments?post=2"}],"version-history":[{"count":112,"href":"https:\/\/nordicbridalmedia.com\/no\/wp-json\/wp\/v2\/pages\/2\/revisions"}],"predecessor-version":[{"id":3153,"href":"https:\/\/nordicbridalmedia.com\/no\/wp-json\/wp\/v2\/pages\/2\/revisions\/3153"}],"wp:attachment":[{"href":"https:\/\/nordicbridalmedia.com\/no\/wp-json\/wp\/v2\/media?parent=2"}],"curies":[{"name":"wp","href":"https:\/\/api.w.org\/{rel}","templated":true}]}}