{"id":80,"date":"2020-12-10T13:13:20","date_gmt":"2020-12-10T12:13:20","guid":{"rendered":"http:\/\/bridalmagazinegroup.com\/?page_id=80"},"modified":"2022-02-08T09:55:44","modified_gmt":"2022-02-08T08:55:44","slug":"products","status":"publish","type":"page","link":"https:\/\/nordicbridalmedia.com\/fi\/","title":{"rendered":"Tuotteet"},"content":{"rendered":"\n<div class=\"wp-block-columns is-layout-flex wp-container-core-columns-is-layout-9d6595d7 wp-block-columns-is-layout-flex\">\n<div class=\"wp-block-column is-layout-flow wp-block-column-is-layout-flow\" style=\"flex-basis:100%\">\n<hr class=\"wp-block-separator is-style-wide\"\/>\n\n\n\n<p>H\u00e4\u00e4t Ja Juhlat -lehden yhteisty\u00f6kumppanina tarjoamme sinulle ainutlaatuisen mahdollisuuden n\u00e4kyvyyteen kaikissa alla mainituissa tuotteissa ja siten mahdollisuuden tavoittaa kaikki ne h\u00e4\u00e4parit jotka eiv\u00e4t viel\u00e4 kuuluu asiakkaisiisi. Tavoitteenamme median tuottajana on asettaa yrityksesi ja h\u00e4\u00e4ala keskipisteeksi ja odotammekin innolla puheluasi k\u00e4yd\u00e4ksemme l\u00e4pi mitk\u00e4 alustat ja tuotteet palvelevat toimintaasi parhaiten.<\/p>\n\n\n\n<hr class=\"wp-block-separator is-style-wide\"\/>\n\n\n<ul class=\"wp-block-latest-posts__list is-grid columns-1 alignleft wp-block-latest-posts\"><li><div class=\"wp-block-latest-posts__featured-image alignleft\"><img loading=\"lazy\" decoding=\"async\" width=\"150\" height=\"150\" src=\"https:\/\/nordicbridalmedia.com\/wp-content\/uploads\/2020\/12\/Mediapaket_huvudbild-e1611224308507-150x150.jpg\" class=\"attachment-thumbnail size-thumbnail wp-post-image\" alt=\"\" style=\"\" srcset=\"https:\/\/nordicbridalmedia.com\/wp-content\/uploads\/2020\/12\/Mediapaket_huvudbild-e1611224308507-150x150.jpg 150w, https:\/\/nordicbridalmedia.com\/wp-content\/uploads\/2020\/12\/Mediapaket_huvudbild-e1611224308507-300x300.jpg 300w, https:\/\/nordicbridalmedia.com\/wp-content\/uploads\/2020\/12\/Mediapaket_huvudbild-e1611224308507-1024x1024.jpg 1024w, https:\/\/nordicbridalmedia.com\/wp-content\/uploads\/2020\/12\/Mediapaket_huvudbild-e1611224308507-768x768.jpg 768w, https:\/\/nordicbridalmedia.com\/wp-content\/uploads\/2020\/12\/Mediapaket_huvudbild-e1611224308507-480x480.jpg 480w, https:\/\/nordicbridalmedia.com\/wp-content\/uploads\/2020\/12\/Mediapaket_huvudbild-e1611224308507-666x666.jpg 666w, https:\/\/nordicbridalmedia.com\/wp-content\/uploads\/2020\/12\/Mediapaket_huvudbild-e1611224308507.jpg 1500w\" sizes=\"auto, (max-width: 150px) 100vw, 150px\" \/><\/div><a class=\"wp-block-latest-posts__post-title\" href=\"https:\/\/nordicbridalmedia.com\/fi\/media-packages\/\">Mainospaketit<\/a><div class=\"wp-block-latest-posts__post-excerpt\">R\u00e4\u00e4t\u00e4l\u00f6idyt mainospaketit joilla maksimoit n\u00e4kyvyytesi h\u00e4\u00e4parien suuntaan sek\u00e4 lehdess\u00e4 ett\u00e4 verkkosivulla ja sosiaalisessa mediassa &hellip; <a href=\"https:\/\/nordicbridalmedia.com\/fi\/media-packages\/\" class=\"more-link\"><span class=\"more-button\">L\u00e4s Mer<span class=\"screen-reader-text\">Mainospaketit<\/span><\/span><\/a><\/div><\/li>\n<li><div class=\"wp-block-latest-posts__featured-image alignleft\"><img loading=\"lazy\" decoding=\"async\" width=\"150\" height=\"150\" src=\"https:\/\/nordicbridalmedia.com\/wp-content\/uploads\/2020\/12\/Onlinepaket_huvudbild-150x150.jpg\" class=\"attachment-thumbnail size-thumbnail wp-post-image\" alt=\"\" style=\"\" srcset=\"https:\/\/nordicbridalmedia.com\/wp-content\/uploads\/2020\/12\/Onlinepaket_huvudbild-150x150.jpg 150w, https:\/\/nordicbridalmedia.com\/wp-content\/uploads\/2020\/12\/Onlinepaket_huvudbild-300x300.jpg 300w, https:\/\/nordicbridalmedia.com\/wp-content\/uploads\/2020\/12\/Onlinepaket_huvudbild-1024x1024.jpg 1024w, https:\/\/nordicbridalmedia.com\/wp-content\/uploads\/2020\/12\/Onlinepaket_huvudbild-768x768.jpg 768w, https:\/\/nordicbridalmedia.com\/wp-content\/uploads\/2020\/12\/Onlinepaket_huvudbild-480x480.jpg 480w, https:\/\/nordicbridalmedia.com\/wp-content\/uploads\/2020\/12\/Onlinepaket_huvudbild-666x666.jpg 666w, https:\/\/nordicbridalmedia.com\/wp-content\/uploads\/2020\/12\/Onlinepaket_huvudbild.jpg 1500w\" sizes=\"auto, (max-width: 150px) 100vw, 150px\" \/><\/div><a class=\"wp-block-latest-posts__post-title\" href=\"https:\/\/nordicbridalmedia.com\/fi\/online-packages\/\">Online-paketit<\/a><div class=\"wp-block-latest-posts__post-excerpt\">R\u00e4\u00e4t\u00e4l\u00f6idyt mainospaketit jotka maksimoivat n\u00e4kyyvytesi verkossa ja sosiaalisessa mediassa. &hellip; <a href=\"https:\/\/nordicbridalmedia.com\/fi\/online-packages\/\" class=\"more-link\"><span class=\"more-button\">L\u00e4s Mer<span class=\"screen-reader-text\">Online-paketit<\/span><\/span><\/a><\/div><\/li>\n<li><div class=\"wp-block-latest-posts__featured-image alignleft\"><img loading=\"lazy\" decoding=\"async\" width=\"150\" height=\"150\" src=\"https:\/\/nordicbridalmedia.com\/wp-content\/uploads\/2021\/01\/NO_AnnaStormPhoto-31-150x150.jpg\" class=\"attachment-thumbnail size-thumbnail wp-post-image\" alt=\"\" style=\"\" srcset=\"https:\/\/nordicbridalmedia.com\/wp-content\/uploads\/2021\/01\/NO_AnnaStormPhoto-31-150x150.jpg 150w, https:\/\/nordicbridalmedia.com\/wp-content\/uploads\/2021\/01\/NO_AnnaStormPhoto-31-480x480.jpg 480w, https:\/\/nordicbridalmedia.com\/wp-content\/uploads\/2021\/01\/NO_AnnaStormPhoto-31-666x666.jpg 666w\" sizes=\"auto, (max-width: 150px) 100vw, 150px\" \/><\/div><a class=\"wp-block-latest-posts__post-title\" href=\"https:\/\/nordicbridalmedia.com\/fi\/print_ads\/\">H\u00e4\u00e4t ja Juhlat &#8211; Printti<\/a><div class=\"wp-block-latest-posts__post-excerpt\">Fyysinen H\u00e4\u00e4t Ja Juhlat -lehti tavoittaa vuosittain 84.000 lukijaa ja se on k\u00e4yt\u00f6ss\u00e4 koko  h\u00e4\u00e4suunnittelun ajan.  &hellip; <a href=\"https:\/\/nordicbridalmedia.com\/fi\/print_ads\/\" class=\"more-link\"><span class=\"more-button\">L\u00e4s Mer<span class=\"screen-reader-text\">H\u00e4\u00e4t ja Juhlat &#8211; Printti<\/span><\/span><\/a><\/div><\/li>\n<li><div class=\"wp-block-latest-posts__featured-image alignleft\"><img loading=\"lazy\" decoding=\"async\" width=\"150\" height=\"150\" src=\"https:\/\/nordicbridalmedia.com\/wp-content\/uploads\/2020\/12\/Bro\u0308llopsmagasinet_webb-150x150.jpg\" class=\"attachment-thumbnail size-thumbnail wp-post-image\" alt=\"\" style=\"\" srcset=\"https:\/\/nordicbridalmedia.com\/wp-content\/uploads\/2020\/12\/Bro\u0308llopsmagasinet_webb-150x150.jpg 150w, https:\/\/nordicbridalmedia.com\/wp-content\/uploads\/2020\/12\/Bro\u0308llopsmagasinet_webb-300x300.jpg 300w, https:\/\/nordicbridalmedia.com\/wp-content\/uploads\/2020\/12\/Bro\u0308llopsmagasinet_webb-1024x1024.jpg 1024w, https:\/\/nordicbridalmedia.com\/wp-content\/uploads\/2020\/12\/Bro\u0308llopsmagasinet_webb-768x768.jpg 768w, https:\/\/nordicbridalmedia.com\/wp-content\/uploads\/2020\/12\/Bro\u0308llopsmagasinet_webb-480x480.jpg 480w, https:\/\/nordicbridalmedia.com\/wp-content\/uploads\/2020\/12\/Bro\u0308llopsmagasinet_webb-666x666.jpg 666w, https:\/\/nordicbridalmedia.com\/wp-content\/uploads\/2020\/12\/Bro\u0308llopsmagasinet_webb.jpg 1500w\" sizes=\"auto, (max-width: 150px) 100vw, 150px\" \/><\/div><a class=\"wp-block-latest-posts__post-title\" href=\"https:\/\/nordicbridalmedia.com\/fi\/online_ads\/\">H\u00e4\u00e4t ja Juhlat &#8211; verkko<\/a><div class=\"wp-block-latest-posts__post-excerpt\">Jos toimintasi on keskittynyt voimakkaasti verkkoon, tavoitat kohderyhm\u00e4si tehokkaasti n\u00e4ill\u00e4 erityisesti verkkoon suunnitelluilla tuotteilla. &hellip; <a href=\"https:\/\/nordicbridalmedia.com\/fi\/online_ads\/\" class=\"more-link\"><span class=\"more-button\">L\u00e4s Mer<span class=\"screen-reader-text\">H\u00e4\u00e4t ja Juhlat &#8211; verkko<\/span><\/span><\/a><\/div><\/li>\n<li><div class=\"wp-block-latest-posts__featured-image alignleft\"><img loading=\"lazy\" decoding=\"async\" width=\"150\" height=\"150\" src=\"https:\/\/nordicbridalmedia.com\/wp-content\/uploads\/2021\/01\/Specialannonser-150x150.jpg\" class=\"attachment-thumbnail size-thumbnail wp-post-image\" alt=\"\" style=\"\" srcset=\"https:\/\/nordicbridalmedia.com\/wp-content\/uploads\/2021\/01\/Specialannonser-150x150.jpg 150w, https:\/\/nordicbridalmedia.com\/wp-content\/uploads\/2021\/01\/Specialannonser-300x300.jpg 300w, https:\/\/nordicbridalmedia.com\/wp-content\/uploads\/2021\/01\/Specialannonser-1024x1024.jpg 1024w, https:\/\/nordicbridalmedia.com\/wp-content\/uploads\/2021\/01\/Specialannonser-768x768.jpg 768w, https:\/\/nordicbridalmedia.com\/wp-content\/uploads\/2021\/01\/Specialannonser-480x480.jpg 480w, https:\/\/nordicbridalmedia.com\/wp-content\/uploads\/2021\/01\/Specialannonser-666x666.jpg 666w, https:\/\/nordicbridalmedia.com\/wp-content\/uploads\/2021\/01\/Specialannonser.jpg 1500w\" sizes=\"auto, (max-width: 150px) 100vw, 150px\" \/><\/div><a class=\"wp-block-latest-posts__post-title\" href=\"https:\/\/nordicbridalmedia.com\/fi\/special_ads\/\">Erityismainokset<\/a><div class=\"wp-block-latest-posts__post-excerpt\">Tarkasti kohdennetut erityismainokset l\u00f6yd\u00e4t t\u00e4\u00e4lt\u00e4 toimialoittain juhlatiloille, valokuvaajille, floristeille ja h\u00e4\u00e4suunnittelijoille. &hellip; <a href=\"https:\/\/nordicbridalmedia.com\/fi\/special_ads\/\" class=\"more-link\"><span class=\"more-button\">L\u00e4s Mer<span class=\"screen-reader-text\">Erityismainokset<\/span><\/span><\/a><\/div><\/li>\n<\/ul><\/div>\n<\/div>\n\n\n\n<p><\/p>\n","protected":false},"excerpt":{"rendered":"<p>H\u00e4\u00e4t Ja Juhlat -lehden yhteisty\u00f6kumppanina tarjoamme sinulle ainutlaatuisen mahdollisuuden n\u00e4kyvyyteen kaikissa alla mainituissa tuotteissa ja siten mahdollisuuden tavoittaa kaikki ne &hellip; <a href=\"https:\/\/nordicbridalmedia.com\/fi\/\" class=\"more-link\"><span class=\"more-button\">L\u00e4s Mer<span class=\"screen-reader-text\">Tuotteet<\/span><\/span><\/a><\/p>\n","protected":false},"author":5,"featured_media":188,"parent":0,"menu_order":0,"comment_status":"closed","ping_status":"closed","template":"templates\/right-sidebar.php","meta":{"footnotes":""},"class_list":["post-80","page","type-page","status-publish","has-post-thumbnail","hentry"],"translation":{"provider":"WPGlobus","version":"3.0.2","language":"fi","enabled_languages":["en","sv","no","fi","da","gb"],"languages":{"en":{"title":true,"content":true,"excerpt":false},"sv":{"title":true,"content":true,"excerpt":false},"no":{"title":true,"content":true,"excerpt":false},"fi":{"title":true,"content":true,"excerpt":false},"da":{"title":true,"content":true,"excerpt":false},"gb":{"title":false,"content":false,"excerpt":false}}},"_links":{"self":[{"href":"https:\/\/nordicbridalmedia.com\/fi\/wp-json\/wp\/v2\/pages\/80","targetHints":{"allow":["GET"]}}],"collection":[{"href":"https:\/\/nordicbridalmedia.com\/fi\/wp-json\/wp\/v2\/pages"}],"about":[{"href":"https:\/\/nordicbridalmedia.com\/fi\/wp-json\/wp\/v2\/types\/page"}],"author":[{"embeddable":true,"href":"https:\/\/nordicbridalmedia.com\/fi\/wp-json\/wp\/v2\/users\/5"}],"replies":[{"embeddable":true,"href":"https:\/\/nordicbridalmedia.com\/fi\/wp-json\/wp\/v2\/comments?post=80"}],"version-history":[{"count":189,"href":"https:\/\/nordicbridalmedia.com\/fi\/wp-json\/wp\/v2\/pages\/80\/revisions"}],"predecessor-version":[{"id":3565,"href":"https:\/\/nordicbridalmedia.com\/fi\/wp-json\/wp\/v2\/pages\/80\/revisions\/3565"}],"wp:featuredmedia":[{"embeddable":true,"href":"https:\/\/nordicbridalmedia.com\/fi\/wp-json\/wp\/v2\/media\/188"}],"wp:attachment":[{"href":"https:\/\/nordicbridalmedia.com\/fi\/wp-json\/wp\/v2\/media?parent=80"}],"curies":[{"name":"wp","href":"https:\/\/api.w.org\/{rel}","templated":true}]}}