{"id":2,"date":"2020-12-08T14:32:53","date_gmt":"2020-12-08T13:32:53","guid":{"rendered":"http:\/\/bridalmagazinegroup.com\/?page_id=2"},"modified":"2023-12-22T09:52:14","modified_gmt":"2023-12-22T08:52:14","slug":"about-us","status":"publish","type":"page","link":"https:\/\/nordicbridalmedia.com\/fi\/about-us\/","title":{"rendered":"Kannattavan toiminnan perusta"},"content":{"rendered":"\n<div class=\"wp-block-columns is-layout-flex wp-container-core-columns-is-layout-9d6595d7 wp-block-columns-is-layout-flex\">\n<div class=\"wp-block-column is-layout-flow wp-block-column-is-layout-flow\" style=\"flex-basis:100%\">\n<hr class=\"wp-block-separator is-style-wide\"\/>\n\n\n\n<h4 class=\"wp-block-heading\">T\u00e4ydellisen h\u00e4\u00e4juhlan suunnitteluun h\u00e4\u00e4parit etsiv\u00e4t kaltaisiasi toimijoita. Alustojemme kautta H\u00e4\u00e4t ja Juhlat tarjoaa sinulle mahdollisuuden tavoittaa n\u00e4m\u00e4 parit ja saada heid\u00e4t valitsemaan juuri sinut yhteisty\u00f6kumppaniksi.<\/h4>\n\n\n\n<p><\/p>\n\n\n\n<p>Kannattavan toiminnan yksi t\u00e4rke\u00e4 kulmakivi on oman asiakaskunnan k\u00e4ytt\u00e4ytymisen ymm\u00e4rt\u00e4minen. Koska meill\u00e4 on k\u00e4yt\u00f6ss\u00e4mme tuhansien h\u00e4\u00e4parien yhteystiedot, teemme vuosittain tutkimuksia joiden tuloksia sin\u00e4 voit hy\u00f6dynt\u00e4\u00e4 etsiess\u00e4si tulevia asiakkaita. Tutkimuksista ilmenee selv\u00e4 ostok\u00e4ytt\u00e4ytyminen h\u00e4\u00e4p\u00e4iv\u00e4n suhteen. Ostop\u00e4\u00e4t\u00f6st\u00e4 harkitaan tarkasti ja sen tekeminen on t\u00e4ten pareille pitk\u00e4n prosessin tulos. Vaihtoehtoja halutaan monia ja siin\u00e4 vaiheessa on eritt\u00e4in t\u00e4rke\u00e4\u00e4 ett\u00e4 olet palveluntuottajana n\u00e4kyvill\u00e4. Hy\u00f6dynt\u00e4m\u00e4ll\u00e4 H\u00e4\u00e4t ja Juhlat -median eri alustoja tarjoamme sinulle haluamasi n\u00e4kyvyyden.<\/p>\n\n\n\n<p>MIT\u00c4 H\u00c4\u00c4PARIT KAIPAAVAT<\/p>\n\n\n\n<p>On selv\u00e4\u00e4 ett\u00e4 h\u00e4\u00e4parit ennen p\u00e4\u00e4t\u00f6ksen tekemist\u00e4 kaipaavat sek\u00e4 faktatietoa ett\u00e4 inspiraatiota ja t\u00e4h\u00e4n seikkaan olemme ainoana media-alan toimijana tarttuneet. Tuotepakettiemme ja alustojemme kautta parit l\u00f6yt\u00e4v\u00e4t suuren m\u00e4\u00e4r\u00e4n inspiroivaa, toimituksellista sis\u00e4lt\u00f6\u00e4. Tuhannet h\u00e4\u00e4parit lukevat kyseist\u00e4 materiaalia ja t\u00e4t\u00e4 kautta juuri sinun toimintasi p\u00e4\u00e4see esille. T\u00e4m\u00e4 ainutlaatuinen yhdistelm\u00e4 on korvaamaton ja antaa sinulle mahdollisuuden kiinnitt\u00e4\u00e4 h\u00e4\u00e4parien huomion. &nbsp;<\/p>\n\n\n\n<p>OLE N\u00c4KYVILL\u00c4 OIKEASSA PAIKASSA<\/p>\n\n\n\n<p>H\u00e4iden suunnittelu etenee askel askeleelta ja h\u00e4\u00e4pari keskittyy kerralla vain yhteen osa-alueeseen. Kun pari esimerkiksi etsii juhlatilaa, se on ainut asia mihin he keskittyv\u00e4t. Juuri t\u00e4st\u00e4 syyst\u00e4 sek\u00e4 lehtemme ett\u00e4 kotisivumme on jaoteltu tuote- ja palveluryhmitt\u00e4in. Pid\u00e4mme huolen siit\u00e4 ett\u00e4 olet n\u00e4kyvill\u00e4 juuri oikeassa kategoriassa mik\u00e4 tekee markkinoinnistasi sit\u00e4kin tehokkaampaa. Huolimatta siit\u00e4 toimitko valokuvauksen, korujen, vaatteiden tai juhlatilojen parissa, varmistamme ett\u00e4 n\u00e4yt oikealle kohderyhm\u00e4lle mik\u00e4 nostaa todenn\u00e4k\u00f6isyytt\u00e4 ett\u00e4 h\u00e4\u00e4parit valitset juuri sinun palvelusi.<\/p>\n\n\n\n<p>KUN TAVOITTELET LAAJAA LUKIJAKUNTAA <\/p>\n\n\n\n<p>Kokemuksesta tied\u00e4mme miten h\u00e4\u00e4parit ajattelevat, luomme sis\u00e4lt\u00f6\u00e4 sen pohjalta ja pid\u00e4mme my\u00f6s huolen siit\u00e4 ett\u00e4 todella tavoitamme heid\u00e4t. Olemme l\u00e4sn\u00e4 heid\u00e4n arjessaan: &nbsp;nyky\u00e4\u00e4n voi puhelimen kautta seurata kotisivuamme ja some-tilej\u00e4mme sek\u00e4 vastaanottaa uutiskirjeemme. Lehtemme on myynniss\u00e4 lehtipisteiss\u00e4, sit\u00e4 jaetaan h\u00e4\u00e4messuilla, sit\u00e4 postitetaan suoraan kuluttajille ja se on n\u00e4kyv\u00e4sti esill\u00e4 yhteisty\u00f6kumppaneidemme toiminnassa eli levikki on laaja. Sinulla on siis ainutlaatuinen mahdollisuus tavoittaa tuhansia h\u00e4\u00e4pareja ja esitell\u00e4 tuotteitasi ja palvelujasi.<\/p>\n\n\n\n<figure class=\"wp-block-image size-large\"><img loading=\"lazy\" decoding=\"async\" width=\"1024\" height=\"283\" src=\"http:\/\/bridalmagazinegroup.com\/wp-content\/uploads\/2020\/12\/toppbanner_fi-1024x283.jpg\" alt=\"\" class=\"wp-image-90\" srcset=\"https:\/\/nordicbridalmedia.com\/wp-content\/uploads\/2020\/12\/toppbanner_fi-1024x283.jpg 1024w, https:\/\/nordicbridalmedia.com\/wp-content\/uploads\/2020\/12\/toppbanner_fi-300x83.jpg 300w, https:\/\/nordicbridalmedia.com\/wp-content\/uploads\/2020\/12\/toppbanner_fi-768x212.jpg 768w, https:\/\/nordicbridalmedia.com\/wp-content\/uploads\/2020\/12\/toppbanner_fi-1536x424.jpg 1536w, https:\/\/nordicbridalmedia.com\/wp-content\/uploads\/2020\/12\/toppbanner_fi.jpg 1920w\" sizes=\"auto, (max-width: 1024px) 100vw, 1024px\" \/><\/figure>\n<\/div>\n<\/div>\n\n\n\n<p><\/p>\n","protected":false},"excerpt":{"rendered":"<p>T\u00e4ydellisen h\u00e4\u00e4juhlan suunnitteluun h\u00e4\u00e4parit etsiv\u00e4t kaltaisiasi toimijoita. Alustojemme kautta H\u00e4\u00e4t ja Juhlat tarjoaa sinulle mahdollisuuden tavoittaa n\u00e4m\u00e4 parit ja saada &hellip; <a href=\"https:\/\/nordicbridalmedia.com\/fi\/about-us\/\" class=\"more-link\"><span class=\"more-button\">L\u00e4s Mer<span class=\"screen-reader-text\">Kannattavan toiminnan perusta<\/span><\/span><\/a><\/p>\n","protected":false},"author":5,"featured_media":0,"parent":0,"menu_order":0,"comment_status":"closed","ping_status":"closed","template":"templates\/right-sidebar.php","meta":{"footnotes":""},"class_list":["post-2","page","type-page","status-publish","hentry"],"translation":{"provider":"WPGlobus","version":"3.0.2","language":"fi","enabled_languages":["en","sv","no","fi","da","gb"],"languages":{"en":{"title":true,"content":true,"excerpt":false},"sv":{"title":true,"content":true,"excerpt":false},"no":{"title":true,"content":true,"excerpt":false},"fi":{"title":true,"content":true,"excerpt":false},"da":{"title":true,"content":true,"excerpt":false},"gb":{"title":false,"content":false,"excerpt":false}}},"_links":{"self":[{"href":"https:\/\/nordicbridalmedia.com\/fi\/wp-json\/wp\/v2\/pages\/2","targetHints":{"allow":["GET"]}}],"collection":[{"href":"https:\/\/nordicbridalmedia.com\/fi\/wp-json\/wp\/v2\/pages"}],"about":[{"href":"https:\/\/nordicbridalmedia.com\/fi\/wp-json\/wp\/v2\/types\/page"}],"author":[{"embeddable":true,"href":"https:\/\/nordicbridalmedia.com\/fi\/wp-json\/wp\/v2\/users\/5"}],"replies":[{"embeddable":true,"href":"https:\/\/nordicbridalmedia.com\/fi\/wp-json\/wp\/v2\/comments?post=2"}],"version-history":[{"count":112,"href":"https:\/\/nordicbridalmedia.com\/fi\/wp-json\/wp\/v2\/pages\/2\/revisions"}],"predecessor-version":[{"id":3153,"href":"https:\/\/nordicbridalmedia.com\/fi\/wp-json\/wp\/v2\/pages\/2\/revisions\/3153"}],"wp:attachment":[{"href":"https:\/\/nordicbridalmedia.com\/fi\/wp-json\/wp\/v2\/media?parent=2"}],"curies":[{"name":"wp","href":"https:\/\/api.w.org\/{rel}","templated":true}]}}